{"id":3096,"date":"2024-04-24T07:27:48","date_gmt":"2024-04-24T05:27:48","guid":{"rendered":"https:\/\/iltrillotelefonia.com\/rivenditori\/?post_type=product&#038;p=3096"},"modified":"2024-04-24T07:28:22","modified_gmt":"2024-04-24T05:28:22","slug":"xiamo-redmi-note-13-pro-4g","status":"publish","type":"product","link":"https:\/\/iltrillotelefonia.com\/rivenditori\/negozio\/smartphone-occasioni\/xiaomi-smartphone-occasioni\/xiamo-redmi-note-13-pro-4g\/","title":{"rendered":"Xiamo Redmi Note 13 Pro 4g"},"content":{"rendered":"<p><strong>Display<\/strong><br \/>\nDisplay AMOLED da 6,67&#8243;<br \/>\nFrequenza di aggiornamento: fino a 120 Hz<br \/>\nLuminosit\u00e0: 500 nit (tip.), 1.000 nit (luminosit\u00e0 HBM), 1.300 nit (luminosit\u00e0 massima)\u00a0 \u00a0 \u00a0 \u00a0 \u00a0 \u00a0 \u00a0 \u00a0 \u00a0 \u00a0 \u00a0 \u00a0 \u00a0 \u00a0 \u00a0 \u00a0Rapporto di Contrasto : 1500:1<br \/>\n<strong>Fotocamera Posteriore<\/strong><br \/>\ntripla da 200 MP + 8 MP + 2 MP<br \/>\nSuper pixel 16 in 1 da 2,24 \u03bcm<br \/>\nObiettivo 7P<br \/>\n<strong>Fotocamera Frontale<\/strong><br \/>\nFotocamera da 16 Megapixel<br \/>\n<strong>Chip<\/strong><br \/>\nMediaTek Helio G99-Ultra<br \/>\n<strong>Connettivit\u00e0<\/strong><br \/>\n4G: LTE TDD:38\/40\/41<br \/>\nDual SIM<br \/>\n<strong>Sistema Operativo<\/strong><br \/>\nMIUI 14<br \/>\n<strong>Riconoscimento del volto tramite la fotocamera<\/strong><br \/>\nSensore di impronte digitali a schermo<br \/>\n<strong>Domensioni e peso<\/strong><br \/>\nLarghezza: 74,95 mm<br \/>\nAltezza: 161,1 mm<br \/>\nSpessore: 7,98 mm<br \/>\nPeso: 188 g<br \/>\n<strong>Batteria<\/strong><br \/>\nValore tipico: 5000mAh\/19.35Wh<br \/>\nSupporta la Turbo ricarica a 67 W<br \/>\nCaricabatteria da 67 W in dotazione<\/p>\n","protected":false},"excerpt":{"rendered":"<ul>\n<li><strong>Display<\/strong>: AMOLED da 6,67<\/li>\n<li><strong>Fotocamera posteriore<\/strong>: da 200 Megapixel<\/li>\n<li><strong>Fotocamera anteriore<\/strong>: 16 Megapixel<\/li>\n<li><strong>Sistema operativo<\/strong>: MIUI 14<\/li>\n<li><strong>Processore<\/strong>: MediaTek Helio G99-Ultra<\/li>\n<li><strong>Capacita\u2019 Batteria<\/strong>: 5000mAh<\/li>\n<li><strong>Ram: <\/strong>12 Gb<\/li>\n<\/ul>\n","protected":false},"featured_media":3126,"comment_status":"open","ping_status":"closed","template":"","meta":[],"etheme_brands":[],"product_brand":[],"product_cat":[60,70],"product_tag":[27,28,29],"class_list":{"0":"post-3096","1":"product","2":"type-product","3":"status-publish","4":"has-post-thumbnail","6":"product_cat-smartphone-occasioni","7":"product_cat-xiaomi-smartphone-occasioni","8":"product_tag-smartphone-android","9":"product_tag-smartphone-dual-sim","10":"product_tag-smartphone-xiaomi","12":"first","13":"instock","14":"taxable","15":"shipping-taxable","16":"product-type-variable"},"yoast_head":"<!-- This site is optimized with the Yoast SEO plugin v25.3 - https:\/\/yoast.com\/wordpress\/plugins\/seo\/ -->\n<title>Xiaomi Redmi Note 13 pro 4G 8GB\/256GB 12Gb\/512GB<\/title>\n<meta name=\"description\" content=\"Il trillo Ingrosso e Vendita al Dettaglio Informatica e Telefono Propone Xiaomi Redmi Note 13 pro 4g 8GB\/256GB 12GB\/512GB Miglior Prezzo\" \/>\n<meta name=\"robots\" content=\"index, follow, max-snippet:-1, max-image-preview:large, max-video-preview:-1\" \/>\n<link rel=\"canonical\" href=\"https:\/\/iltrillotelefonia.com\/rivenditori\/negozio\/smartphone-occasioni\/xiaomi-smartphone-occasioni\/xiamo-redmi-note-13-pro-4g\/\" \/>\n<meta property=\"og:locale\" content=\"it_IT\" \/>\n<meta property=\"og:type\" content=\"article\" \/>\n<meta property=\"og:title\" content=\"Xiaomi Redmi Note 13 pro 4G 8GB\/256GB 12Gb\/512GB\" \/>\n<meta property=\"og:description\" content=\"Il trillo Ingrosso e Vendita al Dettaglio Informatica e Telefono Propone Xiaomi Redmi Note 13 pro 4g 8GB\/256GB 12GB\/512GB Miglior Prezzo\" \/>\n<meta property=\"og:url\" content=\"https:\/\/iltrillotelefonia.com\/rivenditori\/negozio\/smartphone-occasioni\/xiaomi-smartphone-occasioni\/xiamo-redmi-note-13-pro-4g\/\" \/>\n<meta property=\"og:site_name\" content=\"Ingrosso Il Trillo\" \/>\n<meta property=\"article:modified_time\" content=\"2024-04-24T05:28:22+00:00\" \/>\n<meta property=\"og:image\" content=\"https:\/\/iltrillotelefonia.com\/rivenditori\/wp-content\/uploads\/sites\/3\/2024\/04\/note13pro4gforrest.jpg\" \/>\n\t<meta property=\"og:image:width\" content=\"1200\" \/>\n\t<meta property=\"og:image:height\" content=\"1200\" \/>\n\t<meta property=\"og:image:type\" content=\"image\/jpeg\" \/>\n<meta name=\"twitter:card\" content=\"summary_large_image\" \/>\n<meta name=\"twitter:label1\" content=\"Tempo di lettura stimato\" \/>\n\t<meta name=\"twitter:data1\" content=\"1 minuto\" \/>\n<script type=\"application\/ld+json\" class=\"yoast-schema-graph\">{\"@context\":\"https:\/\/schema.org\",\"@graph\":[{\"@type\":\"WebPage\",\"@id\":\"https:\/\/iltrillotelefonia.com\/rivenditori\/negozio\/smartphone-occasioni\/xiaomi-smartphone-occasioni\/xiamo-redmi-note-13-pro-4g\/\",\"url\":\"https:\/\/iltrillotelefonia.com\/rivenditori\/negozio\/smartphone-occasioni\/xiaomi-smartphone-occasioni\/xiamo-redmi-note-13-pro-4g\/\",\"name\":\"Xiaomi Redmi Note 13 pro 4G 8GB\/256GB 12Gb\/512GB\",\"isPartOf\":{\"@id\":\"https:\/\/iltrillotelefonia.com\/rivenditori\/#website\"},\"primaryImageOfPage\":{\"@id\":\"https:\/\/iltrillotelefonia.com\/rivenditori\/negozio\/smartphone-occasioni\/xiaomi-smartphone-occasioni\/xiamo-redmi-note-13-pro-4g\/#primaryimage\"},\"image\":{\"@id\":\"https:\/\/iltrillotelefonia.com\/rivenditori\/negozio\/smartphone-occasioni\/xiaomi-smartphone-occasioni\/xiamo-redmi-note-13-pro-4g\/#primaryimage\"},\"thumbnailUrl\":\"https:\/\/iltrillotelefonia.com\/rivenditori\/wp-content\/uploads\/sites\/3\/2024\/04\/note13pro4gforrest.jpg\",\"datePublished\":\"2024-04-24T05:27:48+00:00\",\"dateModified\":\"2024-04-24T05:28:22+00:00\",\"description\":\"Il trillo Ingrosso e Vendita al Dettaglio Informatica e Telefono Propone Xiaomi Redmi Note 13 pro 4g 8GB\/256GB 12GB\/512GB Miglior Prezzo\",\"breadcrumb\":{\"@id\":\"https:\/\/iltrillotelefonia.com\/rivenditori\/negozio\/smartphone-occasioni\/xiaomi-smartphone-occasioni\/xiamo-redmi-note-13-pro-4g\/#breadcrumb\"},\"inLanguage\":\"it-IT\",\"potentialAction\":[{\"@type\":\"ReadAction\",\"target\":[\"https:\/\/iltrillotelefonia.com\/rivenditori\/negozio\/smartphone-occasioni\/xiaomi-smartphone-occasioni\/xiamo-redmi-note-13-pro-4g\/\"]}]},{\"@type\":\"ImageObject\",\"inLanguage\":\"it-IT\",\"@id\":\"https:\/\/iltrillotelefonia.com\/rivenditori\/negozio\/smartphone-occasioni\/xiaomi-smartphone-occasioni\/xiamo-redmi-note-13-pro-4g\/#primaryimage\",\"url\":\"https:\/\/iltrillotelefonia.com\/rivenditori\/wp-content\/uploads\/sites\/3\/2024\/04\/note13pro4gforrest.jpg\",\"contentUrl\":\"https:\/\/iltrillotelefonia.com\/rivenditori\/wp-content\/uploads\/sites\/3\/2024\/04\/note13pro4gforrest.jpg\",\"width\":1200,\"height\":1200},{\"@type\":\"BreadcrumbList\",\"@id\":\"https:\/\/iltrillotelefonia.com\/rivenditori\/negozio\/smartphone-occasioni\/xiaomi-smartphone-occasioni\/xiamo-redmi-note-13-pro-4g\/#breadcrumb\",\"itemListElement\":[{\"@type\":\"ListItem\",\"position\":1,\"name\":\"Home\",\"item\":\"https:\/\/iltrillotelefonia.com\/rivenditori\/\"},{\"@type\":\"ListItem\",\"position\":2,\"name\":\"Shop\",\"item\":\"https:\/\/iltrillotelefonia.com\/rivenditori\/\"},{\"@type\":\"ListItem\",\"position\":3,\"name\":\"Xiamo Redmi Note 13 Pro 4g\"}]},{\"@type\":\"WebSite\",\"@id\":\"https:\/\/iltrillotelefonia.com\/rivenditori\/#website\",\"url\":\"https:\/\/iltrillotelefonia.com\/rivenditori\/\",\"name\":\"Distributore Ingrosso Informatica e Telefonia - Il Trillo\",\"description\":\"\",\"publisher\":{\"@id\":\"https:\/\/iltrillotelefonia.com\/rivenditori\/#organization\"},\"alternateName\":\"Il Trillo - Ingrosso Informatica e Telefonia\",\"potentialAction\":[{\"@type\":\"SearchAction\",\"target\":{\"@type\":\"EntryPoint\",\"urlTemplate\":\"https:\/\/iltrillotelefonia.com\/rivenditori\/?s={search_term_string}\"},\"query-input\":{\"@type\":\"PropertyValueSpecification\",\"valueRequired\":true,\"valueName\":\"search_term_string\"}}],\"inLanguage\":\"it-IT\"},{\"@type\":\"Organization\",\"@id\":\"https:\/\/iltrillotelefonia.com\/rivenditori\/#organization\",\"name\":\"Il Trillo - Ingrosso Informatica e Telefonia\",\"url\":\"https:\/\/iltrillotelefonia.com\/rivenditori\/\",\"logo\":{\"@type\":\"ImageObject\",\"inLanguage\":\"it-IT\",\"@id\":\"https:\/\/iltrillotelefonia.com\/rivenditori\/#\/schema\/logo\/image\/\",\"url\":\"https:\/\/iltrillotelefonia.com\/rivenditori\/wp-content\/uploads\/sites\/3\/2023\/08\/ingrosso-distributore-vendita-al-dettaglio-informatica-e-telefonia-il-trillo-favicon.png\",\"contentUrl\":\"https:\/\/iltrillotelefonia.com\/rivenditori\/wp-content\/uploads\/sites\/3\/2023\/08\/ingrosso-distributore-vendita-al-dettaglio-informatica-e-telefonia-il-trillo-favicon.png\",\"width\":512,\"height\":512,\"caption\":\"Il Trillo - Ingrosso Informatica e Telefonia\"},\"image\":{\"@id\":\"https:\/\/iltrillotelefonia.com\/rivenditori\/#\/schema\/logo\/image\/\"}}]}<\/script>\n<!-- \/ Yoast SEO plugin. -->","yoast_head_json":{"title":"Xiaomi Redmi Note 13 pro 4G 8GB\/256GB 12Gb\/512GB","description":"Il trillo Ingrosso e Vendita al Dettaglio Informatica e Telefono Propone Xiaomi Redmi Note 13 pro 4g 8GB\/256GB 12GB\/512GB Miglior Prezzo","robots":{"index":"index","follow":"follow","max-snippet":"max-snippet:-1","max-image-preview":"max-image-preview:large","max-video-preview":"max-video-preview:-1"},"canonical":"https:\/\/iltrillotelefonia.com\/rivenditori\/negozio\/smartphone-occasioni\/xiaomi-smartphone-occasioni\/xiamo-redmi-note-13-pro-4g\/","og_locale":"it_IT","og_type":"article","og_title":"Xiaomi Redmi Note 13 pro 4G 8GB\/256GB 12Gb\/512GB","og_description":"Il trillo Ingrosso e Vendita al Dettaglio Informatica e Telefono Propone Xiaomi Redmi Note 13 pro 4g 8GB\/256GB 12GB\/512GB Miglior Prezzo","og_url":"https:\/\/iltrillotelefonia.com\/rivenditori\/negozio\/smartphone-occasioni\/xiaomi-smartphone-occasioni\/xiamo-redmi-note-13-pro-4g\/","og_site_name":"Ingrosso Il Trillo","article_modified_time":"2024-04-24T05:28:22+00:00","og_image":[{"width":1200,"height":1200,"url":"https:\/\/iltrillotelefonia.com\/rivenditori\/wp-content\/uploads\/sites\/3\/2024\/04\/note13pro4gforrest.jpg","type":"image\/jpeg"}],"twitter_card":"summary_large_image","twitter_misc":{"Tempo di lettura stimato":"1 minuto"},"schema":{"@context":"https:\/\/schema.org","@graph":[{"@type":"WebPage","@id":"https:\/\/iltrillotelefonia.com\/rivenditori\/negozio\/smartphone-occasioni\/xiaomi-smartphone-occasioni\/xiamo-redmi-note-13-pro-4g\/","url":"https:\/\/iltrillotelefonia.com\/rivenditori\/negozio\/smartphone-occasioni\/xiaomi-smartphone-occasioni\/xiamo-redmi-note-13-pro-4g\/","name":"Xiaomi Redmi Note 13 pro 4G 8GB\/256GB 12Gb\/512GB","isPartOf":{"@id":"https:\/\/iltrillotelefonia.com\/rivenditori\/#website"},"primaryImageOfPage":{"@id":"https:\/\/iltrillotelefonia.com\/rivenditori\/negozio\/smartphone-occasioni\/xiaomi-smartphone-occasioni\/xiamo-redmi-note-13-pro-4g\/#primaryimage"},"image":{"@id":"https:\/\/iltrillotelefonia.com\/rivenditori\/negozio\/smartphone-occasioni\/xiaomi-smartphone-occasioni\/xiamo-redmi-note-13-pro-4g\/#primaryimage"},"thumbnailUrl":"https:\/\/iltrillotelefonia.com\/rivenditori\/wp-content\/uploads\/sites\/3\/2024\/04\/note13pro4gforrest.jpg","datePublished":"2024-04-24T05:27:48+00:00","dateModified":"2024-04-24T05:28:22+00:00","description":"Il trillo Ingrosso e Vendita al Dettaglio Informatica e Telefono Propone Xiaomi Redmi Note 13 pro 4g 8GB\/256GB 12GB\/512GB Miglior Prezzo","breadcrumb":{"@id":"https:\/\/iltrillotelefonia.com\/rivenditori\/negozio\/smartphone-occasioni\/xiaomi-smartphone-occasioni\/xiamo-redmi-note-13-pro-4g\/#breadcrumb"},"inLanguage":"it-IT","potentialAction":[{"@type":"ReadAction","target":["https:\/\/iltrillotelefonia.com\/rivenditori\/negozio\/smartphone-occasioni\/xiaomi-smartphone-occasioni\/xiamo-redmi-note-13-pro-4g\/"]}]},{"@type":"ImageObject","inLanguage":"it-IT","@id":"https:\/\/iltrillotelefonia.com\/rivenditori\/negozio\/smartphone-occasioni\/xiaomi-smartphone-occasioni\/xiamo-redmi-note-13-pro-4g\/#primaryimage","url":"https:\/\/iltrillotelefonia.com\/rivenditori\/wp-content\/uploads\/sites\/3\/2024\/04\/note13pro4gforrest.jpg","contentUrl":"https:\/\/iltrillotelefonia.com\/rivenditori\/wp-content\/uploads\/sites\/3\/2024\/04\/note13pro4gforrest.jpg","width":1200,"height":1200},{"@type":"BreadcrumbList","@id":"https:\/\/iltrillotelefonia.com\/rivenditori\/negozio\/smartphone-occasioni\/xiaomi-smartphone-occasioni\/xiamo-redmi-note-13-pro-4g\/#breadcrumb","itemListElement":[{"@type":"ListItem","position":1,"name":"Home","item":"https:\/\/iltrillotelefonia.com\/rivenditori\/"},{"@type":"ListItem","position":2,"name":"Shop","item":"https:\/\/iltrillotelefonia.com\/rivenditori\/"},{"@type":"ListItem","position":3,"name":"Xiamo Redmi Note 13 Pro 4g"}]},{"@type":"WebSite","@id":"https:\/\/iltrillotelefonia.com\/rivenditori\/#website","url":"https:\/\/iltrillotelefonia.com\/rivenditori\/","name":"Distributore Ingrosso Informatica e Telefonia - Il Trillo","description":"","publisher":{"@id":"https:\/\/iltrillotelefonia.com\/rivenditori\/#organization"},"alternateName":"Il Trillo - Ingrosso Informatica e Telefonia","potentialAction":[{"@type":"SearchAction","target":{"@type":"EntryPoint","urlTemplate":"https:\/\/iltrillotelefonia.com\/rivenditori\/?s={search_term_string}"},"query-input":{"@type":"PropertyValueSpecification","valueRequired":true,"valueName":"search_term_string"}}],"inLanguage":"it-IT"},{"@type":"Organization","@id":"https:\/\/iltrillotelefonia.com\/rivenditori\/#organization","name":"Il Trillo - Ingrosso Informatica e Telefonia","url":"https:\/\/iltrillotelefonia.com\/rivenditori\/","logo":{"@type":"ImageObject","inLanguage":"it-IT","@id":"https:\/\/iltrillotelefonia.com\/rivenditori\/#\/schema\/logo\/image\/","url":"https:\/\/iltrillotelefonia.com\/rivenditori\/wp-content\/uploads\/sites\/3\/2023\/08\/ingrosso-distributore-vendita-al-dettaglio-informatica-e-telefonia-il-trillo-favicon.png","contentUrl":"https:\/\/iltrillotelefonia.com\/rivenditori\/wp-content\/uploads\/sites\/3\/2023\/08\/ingrosso-distributore-vendita-al-dettaglio-informatica-e-telefonia-il-trillo-favicon.png","width":512,"height":512,"caption":"Il Trillo - Ingrosso Informatica e Telefonia"},"image":{"@id":"https:\/\/iltrillotelefonia.com\/rivenditori\/#\/schema\/logo\/image\/"}}]}},"_links":{"self":[{"href":"https:\/\/iltrillotelefonia.com\/rivenditori\/wp-json\/wp\/v2\/product\/3096","targetHints":{"allow":["GET"]}}],"collection":[{"href":"https:\/\/iltrillotelefonia.com\/rivenditori\/wp-json\/wp\/v2\/product"}],"about":[{"href":"https:\/\/iltrillotelefonia.com\/rivenditori\/wp-json\/wp\/v2\/types\/product"}],"replies":[{"embeddable":true,"href":"https:\/\/iltrillotelefonia.com\/rivenditori\/wp-json\/wp\/v2\/comments?post=3096"}],"wp:featuredmedia":[{"embeddable":true,"href":"https:\/\/iltrillotelefonia.com\/rivenditori\/wp-json\/wp\/v2\/media\/3126"}],"wp:attachment":[{"href":"https:\/\/iltrillotelefonia.com\/rivenditori\/wp-json\/wp\/v2\/media?parent=3096"}],"wp:term":[{"taxonomy":"brand","embeddable":true,"href":"https:\/\/iltrillotelefonia.com\/rivenditori\/wp-json\/wp\/v2\/etheme_brands?post=3096"},{"taxonomy":"product_brand","embeddable":true,"href":"https:\/\/iltrillotelefonia.com\/rivenditori\/wp-json\/wp\/v2\/product_brand?post=3096"},{"taxonomy":"product_cat","embeddable":true,"href":"https:\/\/iltrillotelefonia.com\/rivenditori\/wp-json\/wp\/v2\/product_cat?post=3096"},{"taxonomy":"product_tag","embeddable":true,"href":"https:\/\/iltrillotelefonia.com\/rivenditori\/wp-json\/wp\/v2\/product_tag?post=3096"}],"curies":[{"name":"wp","href":"https:\/\/api.w.org\/{rel}","templated":true}]}}